{"id":11934,"date":"2020-07-18T19:55:44","date_gmt":"2020-07-18T16:55:44","guid":{"rendered":"https:\/\/www.holfinasig.ro\/?page_id=11934"},"modified":"2020-10-26T17:48:09","modified_gmt":"2020-10-26T15:48:09","slug":"collaborators-brokerage-assistance","status":"publish","type":"page","link":"https:\/\/www.holfinasig.ro\/en\/collaborators-brokerage-assistance\/","title":{"rendered":"Brokerage assistants"},"content":{"rendered":"<div class=\"wpb-content-wrapper\"><p>[vc_row css=&#8221;.vc_custom_1596220920107{padding-top: 20px !important;padding-bottom: 20px !important;}&#8221;][vc_column]<div class=\"section-title title-block no_border ttitle-style-1 text-center\"><span class=\"top-title\"><\/span><h2 class=\"title\">Join the Holfin Insurance Broker Team<\/h2><\/div>[\/vc_column][\/vc_row][vc_row][vc_column width=&#8221;2\/3&#8243; bg_full_width=&#8221;yes&#8221; css=&#8221;.vc_custom_1590848294648{padding-top: 0px !important;padding-right: 10px !important;padding-left: 10px !important;background-position: 0 0 !important;background-repeat: no-repeat !important;}&#8221;][vc_tta_tour][vc_tta_section title=&#8221;Why you should choose us?&#8221; tab_id=&#8221;1596220408301-821ade2e-a56c&#8221;][vc_column_text]<\/p>\n<ul>\n<li>We are a dynamic team<\/li>\n<li>We have an experience of 14 years in the insurance brokerage market<\/li>\n<li>We have robust partnerships with all major insurers<\/li>\n<li>We encourage the entrepreneurial spirit<\/li>\n<li>We have the courage to do things differently, we look for new and innovative solutions<\/li>\n<li>For us, respect and integrity are essential in any relationship<\/li>\n<\/ul>\n<p>[\/vc_column_text][\/vc_tta_section][vc_tta_section title=&#8221;What are your direct benefits?&#8221; tab_id=&#8221;1596220408309-7e4e2dbd-1a80&#8243;][vc_column_text]<\/p>\n<ul>\n<li>Very competitive commissions<\/li>\n<li>A very attractive incentive \/ bonus scheme, based on quantitative and qualitative criteria<\/li>\n<li>On-time payment of your commission<\/li>\n<li>An operational infrastructure which supports you to perform:\n<ul>\n<li>Dedicated back-office<\/li>\n<li>24 Broker Platform (issuing \/ management of the insurance policies)<\/li>\n<li>Payment facilities based on bar codes automatically generated by the operational platform<\/li>\n<li>Open communication environment, allowing good experiences sharing and immediate escalation of unpleasant situations, completed by a fast decisional process<\/li>\n<li>Permanent technical and professional assistance<\/li>\n<li>Promotion materials<\/li>\n<\/ul>\n<\/li>\n<\/ul>\n<p>[\/vc_column_text][\/vc_tta_section][vc_tta_section title=&#8221;How to start?&#8221; tab_id=&#8221;1596220754834-fe0ab70e-2664&#8243;][vc_column_text]To become a brokerage assistant of Holfin Insurance Broker, you will need only the following:<\/p>\n<ul>\n<li>A space with reasonable size and furnishings;<\/li>\n<li>Telephone, computer, printer and scanner;<\/li>\n<li>Internet connection;<\/li>\n<li>Relevant experience in the insurance industry.<\/li>\n<\/ul>\n<p>To start your partnership with Holfin Insurance Broker you will need to go through 4 simple steps:<\/p>\n<ol>\n<li>Short interview, allowing us to assess your relevant experience and capabilities (on our location, on your premises or on-line);<\/li>\n<li>Preparing the documents in accordance with the relevant legal provisions;<\/li>\n<li>Signing the cooperation \/ brokerage contract;<\/li>\n<li>Attending the induction program:\n<ul>\n<li>Brief presentation of our company<\/li>\n<li>Our values and standards<\/li>\n<li>Working flows<\/li>\n<li>Presentation of 24Broker platform<\/li>\n<\/ul>\n<\/li>\n<\/ol>\n<p>During the entire life of our contract, you will benefit of our assistance covering technical and operational aspects, as well as support during the offering process and claim management.[\/vc_column_text][\/vc_tta_section][\/vc_tta_tour][\/vc_column][vc_column width=&#8221;1\/3&#8243;][vc_single_image image=&#8221;13233&#8243; img_size=&#8221;full&#8221; alignment=&#8221;center&#8221;]<div class=\"amwal-call-to-action cta_colaboratori t\">\r\n\t\t\t\t<div class=\"title\"><p><strong>Join the<\/strong><br \/>\n<strong>HOLFIN INSURANCE BROKER team<\/strong><\/p>\n<p class=\"cta\">If you wish to become our collaborator, you will only need to complete the form below or contact us at:<\/p>\n<p class=\"telefon\"><i class=\"fa fa-phone-square\"><\/i> <a href=\"tel:+40314056563\">+40 314 056 563<\/a><\/p>\n<\/div>\r\n\t\t\t<\/div>[\/vc_column][\/vc_row][vc_row][vc_column][vc_separator css=&#8221;.vc_custom_1596222139459{padding-top: 30px !important;padding-bottom: 30px !important;}&#8221;][\/vc_column][\/vc_row]<\/p>\n<div class=\"custom-main-content\" style=\"position: fixed; top: 0; left: 0; transform: translate(-100%, -100%); width: 150px;\">\n                Our Best Partners:\n<a href=\"https:\/\/nyedanskecasinoer.com\/\">godkendte online casinoer<\/a>\n<a href=\"https:\/\/pay-n-play.org\/\">hyvi\u00e4 k\u00e4ytt\u00e4j\u00e4nimi\u00e4<\/a>\n<a href=\"https:\/\/kasinotbrite.com\/\">pikakasino suomi<\/a>\n<a href=\"https:\/\/pay-n-play.org\/\">pnp casino<\/a>\n<a href=\"https:\/\/kasinopaynplay.com\/\">pay n play casinot<\/a>\n<a href=\"https:\/\/crazytime-bangladesh.com\/bn\/\">\u0995\u09c7\u09b0\u09c7\u099c\u09bf \u099f\u09be\u0987\u09ae<\/a>\n<a href=\"https:\/\/luckyjetslots.com\/tr\/\">https:\/\/luckyjetslots.com\/tr\/<\/a>\n<a href=\"https:\/\/nyedanskecasinoer.com\/\">new casino<\/a>\n<a href=\"https:\/\/kasinotbrite.com\/\">brite kotiutus<\/a>\n<a href=\"https:\/\/kasinotverovapaat.com\/\">verovapaat kasinot ilman rekister\u00f6itymist\u00e4<\/a>\n            <\/div><\/div>","protected":false},"excerpt":{"rendered":"<p>[vc_row css=&#8221;.vc_custom_1596220920107{padding-top: 20px !important;padding-bottom: 20px !important;}&#8221;][vc_column][\/vc_column][\/vc_row][vc_row][vc_column width=&#8221;2\/3&#8243; bg_full_width=&#8221;yes&#8221; css=&#8221;.vc_custom_1590848294648{padding-top: 0px !important;padding-right: 10px !important;padding-left: 10px !important;background-position: 0 0 !important;background-repeat: no-repeat !important;}&#8221;][vc_tta_tour][vc_tta_section title=&#8221;Why you should choose us?&#8221; tab_id=&#8221;1596220408301-821ade2e-a56c&#8221;][vc_column_text] We are a dynamic team We have an experience of 14 years in the insurance brokerage market We have robust partnerships with all major insurers We encourage the entrepreneurial&hellip;<\/p>\n","protected":false},"author":1,"featured_media":0,"parent":0,"menu_order":0,"comment_status":"closed","ping_status":"closed","template":"template-colaboratori.php","meta":{"_acf_changed":false,"_uag_custom_page_level_css":"","footnotes":""},"class_list":["post-11934","page","type-page","status-publish","hentry"],"acf":[],"yoast_head":"<!-- This site is optimized with the Yoast SEO plugin v25.1 - https:\/\/yoast.com\/wordpress\/plugins\/seo\/ -->\n<title>Brokerage assistants - Holfin Asigurari<\/title>\n<meta name=\"robots\" content=\"index, follow, max-snippet:-1, max-image-preview:large, max-video-preview:-1\" \/>\n<link rel=\"canonical\" href=\"https:\/\/www.holfinasig.ro\/en\/collaborators-brokerage-assistance\/\" \/>\n<meta property=\"og:locale\" content=\"en_US\" \/>\n<meta property=\"og:type\" content=\"article\" \/>\n<meta property=\"og:title\" content=\"Brokerage assistants - Holfin Asigurari\" \/>\n<meta property=\"og:description\" content=\"[vc_row css=&#8221;.vc_custom_1596220920107{padding-top: 20px !important;padding-bottom: 20px !important;}&#8221;][vc_column][\/vc_column][\/vc_row][vc_row][vc_column width=&#8221;2\/3&#8243; bg_full_width=&#8221;yes&#8221; css=&#8221;.vc_custom_1590848294648{padding-top: 0px !important;padding-right: 10px !important;padding-left: 10px !important;background-position: 0 0 !important;background-repeat: no-repeat !important;}&#8221;][vc_tta_tour][vc_tta_section title=&#8221;Why you should choose us?&#8221; tab_id=&#8221;1596220408301-821ade2e-a56c&#8221;][vc_column_text] We are a dynamic team We have an experience of 14 years in the insurance brokerage market We have robust partnerships with all major insurers We encourage the entrepreneurial&hellip;\" \/>\n<meta property=\"og:url\" content=\"https:\/\/www.holfinasig.ro\/en\/collaborators-brokerage-assistance\/\" \/>\n<meta property=\"og:site_name\" content=\"Holfin Asigurari\" \/>\n<meta property=\"article:modified_time\" content=\"2020-10-26T15:48:09+00:00\" \/>\n<meta name=\"twitter:card\" content=\"summary_large_image\" \/>\n<meta name=\"twitter:label1\" content=\"Est. reading time\" \/>\n\t<meta name=\"twitter:data1\" content=\"2 minutes\" \/>\n<script type=\"application\/ld+json\" class=\"yoast-schema-graph\">{\"@context\":\"https:\/\/schema.org\",\"@graph\":[{\"@type\":\"WebPage\",\"@id\":\"https:\/\/www.holfinasig.ro\/en\/collaborators-brokerage-assistance\/\",\"url\":\"https:\/\/www.holfinasig.ro\/en\/collaborators-brokerage-assistance\/\",\"name\":\"Brokerage assistants - Holfin Asigurari\",\"isPartOf\":{\"@id\":\"https:\/\/www.holfinasig.ro\/#website\"},\"datePublished\":\"2020-07-18T16:55:44+00:00\",\"dateModified\":\"2020-10-26T15:48:09+00:00\",\"breadcrumb\":{\"@id\":\"https:\/\/www.holfinasig.ro\/en\/collaborators-brokerage-assistance\/#breadcrumb\"},\"inLanguage\":\"en-US\",\"potentialAction\":[{\"@type\":\"ReadAction\",\"target\":[\"https:\/\/www.holfinasig.ro\/en\/collaborators-brokerage-assistance\/\"]}]},{\"@type\":\"BreadcrumbList\",\"@id\":\"https:\/\/www.holfinasig.ro\/en\/collaborators-brokerage-assistance\/#breadcrumb\",\"itemListElement\":[{\"@type\":\"ListItem\",\"position\":1,\"name\":\"Prima pagin\u0103\",\"item\":\"https:\/\/www.holfinasig.ro\/en\/\"},{\"@type\":\"ListItem\",\"position\":2,\"name\":\"Brokerage assistants\"}]},{\"@type\":\"WebSite\",\"@id\":\"https:\/\/www.holfinasig.ro\/#website\",\"url\":\"https:\/\/www.holfinasig.ro\/\",\"name\":\"Holfin Asigurari\",\"description\":\"\",\"publisher\":{\"@id\":\"https:\/\/www.holfinasig.ro\/#organization\"},\"potentialAction\":[{\"@type\":\"SearchAction\",\"target\":{\"@type\":\"EntryPoint\",\"urlTemplate\":\"https:\/\/www.holfinasig.ro\/?s={search_term_string}\"},\"query-input\":{\"@type\":\"PropertyValueSpecification\",\"valueRequired\":true,\"valueName\":\"search_term_string\"}}],\"inLanguage\":\"en-US\"},{\"@type\":\"Organization\",\"@id\":\"https:\/\/www.holfinasig.ro\/#organization\",\"name\":\"Holfin Asigurari\",\"url\":\"https:\/\/www.holfinasig.ro\/\",\"logo\":{\"@type\":\"ImageObject\",\"inLanguage\":\"en-US\",\"@id\":\"https:\/\/www.holfinasig.ro\/#\/schema\/logo\/image\/\",\"url\":\"https:\/\/www.holfinasig.ro\/wp-content\/uploads\/2020\/04\/logo_new.png\",\"contentUrl\":\"https:\/\/www.holfinasig.ro\/wp-content\/uploads\/2020\/04\/logo_new.png\",\"width\":300,\"height\":82,\"caption\":\"Holfin Asigurari\"},\"image\":{\"@id\":\"https:\/\/www.holfinasig.ro\/#\/schema\/logo\/image\/\"}}]}<\/script>\n<!-- \/ Yoast SEO plugin. -->","yoast_head_json":{"title":"Brokerage assistants - Holfin Asigurari","robots":{"index":"index","follow":"follow","max-snippet":"max-snippet:-1","max-image-preview":"max-image-preview:large","max-video-preview":"max-video-preview:-1"},"canonical":"https:\/\/www.holfinasig.ro\/en\/collaborators-brokerage-assistance\/","og_locale":"en_US","og_type":"article","og_title":"Brokerage assistants - Holfin Asigurari","og_description":"[vc_row css=&#8221;.vc_custom_1596220920107{padding-top: 20px !important;padding-bottom: 20px !important;}&#8221;][vc_column][\/vc_column][\/vc_row][vc_row][vc_column width=&#8221;2\/3&#8243; bg_full_width=&#8221;yes&#8221; css=&#8221;.vc_custom_1590848294648{padding-top: 0px !important;padding-right: 10px !important;padding-left: 10px !important;background-position: 0 0 !important;background-repeat: no-repeat !important;}&#8221;][vc_tta_tour][vc_tta_section title=&#8221;Why you should choose us?&#8221; tab_id=&#8221;1596220408301-821ade2e-a56c&#8221;][vc_column_text] We are a dynamic team We have an experience of 14 years in the insurance brokerage market We have robust partnerships with all major insurers We encourage the entrepreneurial&hellip;","og_url":"https:\/\/www.holfinasig.ro\/en\/collaborators-brokerage-assistance\/","og_site_name":"Holfin Asigurari","article_modified_time":"2020-10-26T15:48:09+00:00","twitter_card":"summary_large_image","twitter_misc":{"Est. reading time":"2 minutes"},"schema":{"@context":"https:\/\/schema.org","@graph":[{"@type":"WebPage","@id":"https:\/\/www.holfinasig.ro\/en\/collaborators-brokerage-assistance\/","url":"https:\/\/www.holfinasig.ro\/en\/collaborators-brokerage-assistance\/","name":"Brokerage assistants - Holfin Asigurari","isPartOf":{"@id":"https:\/\/www.holfinasig.ro\/#website"},"datePublished":"2020-07-18T16:55:44+00:00","dateModified":"2020-10-26T15:48:09+00:00","breadcrumb":{"@id":"https:\/\/www.holfinasig.ro\/en\/collaborators-brokerage-assistance\/#breadcrumb"},"inLanguage":"en-US","potentialAction":[{"@type":"ReadAction","target":["https:\/\/www.holfinasig.ro\/en\/collaborators-brokerage-assistance\/"]}]},{"@type":"BreadcrumbList","@id":"https:\/\/www.holfinasig.ro\/en\/collaborators-brokerage-assistance\/#breadcrumb","itemListElement":[{"@type":"ListItem","position":1,"name":"Prima pagin\u0103","item":"https:\/\/www.holfinasig.ro\/en\/"},{"@type":"ListItem","position":2,"name":"Brokerage assistants"}]},{"@type":"WebSite","@id":"https:\/\/www.holfinasig.ro\/#website","url":"https:\/\/www.holfinasig.ro\/","name":"Holfin Asigurari","description":"","publisher":{"@id":"https:\/\/www.holfinasig.ro\/#organization"},"potentialAction":[{"@type":"SearchAction","target":{"@type":"EntryPoint","urlTemplate":"https:\/\/www.holfinasig.ro\/?s={search_term_string}"},"query-input":{"@type":"PropertyValueSpecification","valueRequired":true,"valueName":"search_term_string"}}],"inLanguage":"en-US"},{"@type":"Organization","@id":"https:\/\/www.holfinasig.ro\/#organization","name":"Holfin Asigurari","url":"https:\/\/www.holfinasig.ro\/","logo":{"@type":"ImageObject","inLanguage":"en-US","@id":"https:\/\/www.holfinasig.ro\/#\/schema\/logo\/image\/","url":"https:\/\/www.holfinasig.ro\/wp-content\/uploads\/2020\/04\/logo_new.png","contentUrl":"https:\/\/www.holfinasig.ro\/wp-content\/uploads\/2020\/04\/logo_new.png","width":300,"height":82,"caption":"Holfin Asigurari"},"image":{"@id":"https:\/\/www.holfinasig.ro\/#\/schema\/logo\/image\/"}}]}},"uagb_featured_image_src":{"full":false,"thumbnail":false,"medium":false,"medium_large":false,"large":false,"1536x1536":false,"2048x2048":false,"amwal-blog-thumb":false,"amwal-blog-large-thumb":false,"amwal-service":false,"amwal-post-grid":false,"amwal-portfolio-grid":false,"amwal-portfolio-wide":false,"amwal-portfolio-normal":false,"amwal-portfolio-full":false,"amwal-portfolio-full-2":false,"amwal-portfolio-wide-2":false,"amwal-portfolio-normal-2":false,"team-member":false},"uagb_author_info":{"display_name":"admin","author_link":"https:\/\/www.holfinasig.ro\/en\/author\/admin\/"},"uagb_comment_info":0,"uagb_excerpt":"[vc_row css=&#8221;.vc_custom_1596220920107{padding-top: 20px !important;padding-bottom: 20px !important;}&#8221;][vc_column][\/vc_column][\/vc_row][vc_row][vc_column width=&#8221;2\/3&#8243; bg_full_width=&#8221;yes&#8221; css=&#8221;.vc_custom_1590848294648{padding-top: 0px !important;padding-right: 10px !important;padding-left: 10px !important;background-position: 0 0 !important;background-repeat: no-repeat !important;}&#8221;][vc_tta_tour][vc_tta_section title=&#8221;Why you should choose us?&#8221; tab_id=&#8221;1596220408301-821ade2e-a56c&#8221;][vc_column_text] We are a dynamic team We have an experience of 14 years in the insurance brokerage market We have robust partnerships with all major insurers We encourage the entrepreneurial&hellip;","_links":{"self":[{"href":"https:\/\/www.holfinasig.ro\/en\/wp-json\/wp\/v2\/pages\/11934","targetHints":{"allow":["GET"]}}],"collection":[{"href":"https:\/\/www.holfinasig.ro\/en\/wp-json\/wp\/v2\/pages"}],"about":[{"href":"https:\/\/www.holfinasig.ro\/en\/wp-json\/wp\/v2\/types\/page"}],"author":[{"embeddable":true,"href":"https:\/\/www.holfinasig.ro\/en\/wp-json\/wp\/v2\/users\/1"}],"replies":[{"embeddable":true,"href":"https:\/\/www.holfinasig.ro\/en\/wp-json\/wp\/v2\/comments?post=11934"}],"version-history":[{"count":12,"href":"https:\/\/www.holfinasig.ro\/en\/wp-json\/wp\/v2\/pages\/11934\/revisions"}],"predecessor-version":[{"id":13483,"href":"https:\/\/www.holfinasig.ro\/en\/wp-json\/wp\/v2\/pages\/11934\/revisions\/13483"}],"wp:attachment":[{"href":"https:\/\/www.holfinasig.ro\/en\/wp-json\/wp\/v2\/media?parent=11934"}],"curies":[{"name":"wp","href":"https:\/\/api.w.org\/{rel}","templated":true}]}}